{"id":80,"date":"2025-05-13T15:23:27","date_gmt":"2025-05-13T15:23:27","guid":{"rendered":"https:\/\/manhinhthongminh.vn\/?page_id=80"},"modified":"2025-05-13T15:23:27","modified_gmt":"2025-05-13T15:23:27","slug":"ve-chung-toi","status":"publish","type":"page","link":"https:\/\/manhinhthongminh.vn\/index.php\/ve-chung-toi\/","title":{"rendered":"V\u1ec0 CH\u00daNG T\u00d4I"},"content":{"rendered":"\n<div class=\"wp-block-group alignfull has-global-padding is-layout-constrained wp-block-group-is-layout-constrained\" style=\"margin-top:0;margin-bottom:0\">\n<div class=\"wp-block-columns alignfull is-layout-flex wp-container-core-columns-is-layout-9c22b1e3 wp-block-columns-is-layout-flex\">\n<div class=\"wp-block-column is-layout-flow wp-block-column-is-layout-flow\" style=\"flex-basis:55%\">\n<div style=\"aspect-ratio:1;min-height:unset;\" class=\"wp-block-cover is-light has-aspect-ratio\"><img decoding=\"async\" class=\"wp-block-cover__image-background\" alt=\"Image of the book\" src=\"https:\/\/manhinhthongminh.vn\/wp-content\/themes\/twentytwentyfive\/assets\/images\/book-image-landing.webp\" data-object-fit=\"cover\"\/><span aria-hidden=\"true\" class=\"wp-block-cover__background has-background-dim-0 has-background-dim\" style=\"background-color:#6b6b6b\"><\/span><div class=\"wp-block-cover__inner-container is-layout-flow wp-block-cover-is-layout-flow\">\n<div style=\"height:var(--wp--preset--spacing--20)\" aria-hidden=\"true\" class=\"wp-block-spacer\"><\/div>\n<\/div><\/div>\n<\/div>\n\n\n\n<div class=\"wp-block-column is-vertically-aligned-center is-layout-flow wp-block-column-is-layout-flow\" style=\"padding-top:var(--wp--preset--spacing--60);padding-right:var(--wp--preset--spacing--60);padding-bottom:var(--wp--preset--spacing--60);padding-left:var(--wp--preset--spacing--60)\">\n<h2 class=\"wp-block-heading has-xx-large-font-size\">Th\u1ebf m\u1ea1nh<br><\/h2>\n\n\n\n<p>N\u0103m 2009, C\u00f4ng ty TNHH S\u1ea5m Nhi\u1ec7t \u0110\u1edbi ch\u00ednh th\u1ee9c \u0111\u01b0\u1ee3c th\u00e0nh l\u1eadp v\u1edbi \u0111\u1ed9i ng\u0169 nh\u00e2n vi\u00ean \u0111\u1ea7y nhi\u1ec7t huy\u1ebft v\u00e0 s\u00e1ng t\u1ea1o. L\u00e0 doanh nghi\u1ec7p \u0111i \u0111\u1ea7u trong l\u0129nh v\u1ef1c IoT t\u1ea1i Vi\u1ec7t Nam, t\u1eadp h\u1ee3p \u0111\u01b0\u1ee3c \u0111\u1ed9i ng\u0169 k\u1ef9 s\u01b0 ph\u1ea7n m\u1ec1m t\u00e0i n\u0103ng nhi\u1ec1u kinh nghi\u1ec7m. V\u1edbi ph\u01b0\u01a1ng ch\u00e2m Smart things \u2013 Smart living, ch\u00fang t\u00f4i lu\u00f4n tin t\u01b0\u1edfng s\u1ebd \u0111\u01b0a ra c\u00e1c gi\u1ea3i ph\u00e1p v\u00e0 s\u1ea3n ph\u1ea9m thi\u1ebft th\u1ef1c, g\u00f3p ph\u1ea7n x\u00e2y d\u1ef1ng m\u1ed9t Vi\u1ec7t Nam hi\u1ec7n \u0111\u1ea1i, \u0111\u01a1n gi\u1ea3n v\u00e0 th\u00f4ng minh.<\/p>\n<\/div>\n<\/div>\n<\/div>\n\n\n\n<div class=\"wp-block-group alignfull has-global-padding is-layout-constrained wp-container-core-group-is-layout-54af5b55 wp-block-group-is-layout-constrained\" style=\"margin-top:0;margin-bottom:0;padding-top:var(--wp--preset--spacing--60);padding-bottom:var(--wp--preset--spacing--60)\">\n<h2 class=\"wp-block-heading alignwide has-text-align-center has-x-large-font-size\">C\u00e1c gi\u1ea3i ph\u00e1p c\u1ee7a ch\u00fang t\u00f4i<\/h2>\n\n\n\n<div class=\"wp-block-buttons alignwide has-custom-font-size has-medium-font-size is-content-justification-center is-layout-flex wp-container-core-buttons-is-layout-c124d1c4 wp-block-buttons-is-layout-flex\">\n<div class=\"wp-block-button\"><a class=\"wp-block-button__link wp-element-button\">Gi\u1ea3i ph\u00e1p Qu\u1ea3n l\u00fd n\u1ed9i dung tr\u00ecnh chi\u1ebfu k\u1ef9 thu\u1eadt s\u1ed1 \u2013 Digital signage<\/a><\/div>\n\n\n\n<div class=\"wp-block-button\"><a class=\"wp-block-button__link wp-element-button\">Gi\u1ea3i ph\u00e1p Qu\u1ea3n l\u00fd \u00e2m thanh \u0111a v\u00f9ng \u2013 Background music<\/a><\/div>\n\n\n\n<div class=\"wp-block-button\"><a class=\"wp-block-button__link wp-element-button\">Gi\u1ea3i ph\u00e1p Ki\u1ec3m so\u00e1t ra v\u00e0o \u2013 Cloud Access control<\/a><\/div>\n\n\n\n<div class=\"wp-block-button\"><a class=\"wp-block-button__link wp-element-button\">Gi\u1ea3i ph\u00e1p C\u1eeda h\u00e0ng th\u00f4ng minh \u2013 Smart store \u2013 Energy saving<\/a><\/div>\n\n\n\n<div class=\"wp-block-button\"><a class=\"wp-block-button__link wp-element-button\">Gi\u1ea3i ph\u00e1p l\u01b0u tr\u1eef Camera \u2013 Camera AI<\/a><\/div>\n\n\n\n<div class=\"wp-block-button\"><a class=\"wp-block-button__link wp-element-button\">Gi\u1ea3i ph\u00e1p truy\u1ec1n th\u00f4ng n\u1ed9i b\u1ed9<\/a><\/div>\n<\/div>\n<\/div>\n\n\n\n<div class=\"wp-block-group alignfull has-global-padding is-layout-constrained wp-block-group-is-layout-constrained\" style=\"margin-top:0;margin-bottom:0;padding-top:var(--wp--preset--spacing--50);padding-bottom:var(--wp--preset--spacing--50)\">\n<div class=\"wp-block-columns alignwide is-layout-flex wp-container-core-columns-is-layout-fa584acd wp-block-columns-is-layout-flex\">\n<div class=\"wp-block-column is-vertically-aligned-center is-layout-flow wp-block-column-is-layout-flow\">\n<h2 class=\"wp-block-heading has-xx-large-font-size\">M\u1ee5c Ti\u00eau<\/h2>\n\n\n\n<p class=\"has-medium-font-size\">V\u1edbi t\u1ea7m nh\u00ecn v\u1ec1 m\u1ed9t x\u00e3 h\u1ed9i \u0111\u01b0\u1ee3c v\u1eadn h\u00e0nh t\u1ef1 \u0111\u1ed9ng MESH t\u1eadp trung ph\u00e1t tri\u1ec3n c\u00e1c gi\u1ea3i ph\u00e1p th\u00f4ng minh, t\u1ef1 \u0111\u1ed9ng ho\u00e1 cho 03 l\u0129nh v\u1ef1c ch\u00ednh l\u00e0 C\u1eeda h\u00e0ng th\u00f4ng minh, Nh\u00e0 th\u00f4ng minh v\u00e0 To\u00e0 nh\u00e0 th\u00f4ng minh. \u0110\u1ebfn nay, MESH t\u1ef1 h\u00e0o nh\u1eadn \u0111\u01b0\u1ee3c ni\u1ec1m tin c\u1ee7a nhi\u1ec1u doanh nghi\u1ec7p trong c\u1ea3 n\u01b0\u1edbc \u1edf nhi\u1ec1u l\u0129nh v\u1ef1c ho\u1ea1t \u0111\u1ed9ng. Ch\u00fang t\u00f4i cam k\u1ebft s\u1ebd lu\u00f4n c\u1eadp nh\u1eadt c\u00e1c c\u00f4ng ngh\u1ec7 m\u1edbi v\u00e0 \u0111\u01b0a ra c\u00e1c gi\u1ea3i ph\u00e1p to\u00e0n di\u1ec7n v\u1edbi chi ph\u00ed t\u1ed1i \u01b0u nh\u1ea5t. Kh\u00f4ng ng\u1eebng ki\u00ean tr\u00ec ph\u00e1t tri\u1ec3n c\u00f4ng ngh\u1ec7, c\u1ea3i thi\u1ec7n ch\u1ea5t l\u01b0\u1ee3ng, th\u1ea5u hi\u1ec3u nhu c\u1ea7u c\u1ee7a kh\u00e1ch h\u00e0ng v\u00e0 \u00e1p d\u1ee5ng kinh nghi\u1ec7m c\u0169ng nh\u01b0 k\u1ef9 n\u0103ng t\u01b0 duy c\u1ee7a m\u00ecnh \u0111\u1ec3 n\u00e2ng cao ch\u1ea5t l\u01b0\u1ee3ng gi\u1ea3i ph\u00e1p, d\u1ecbch v\u1ee5.<\/p>\n<\/div>\n\n\n\n<div class=\"wp-block-column is-vertically-aligned-center is-layout-flow wp-block-column-is-layout-flow\">\n<figure class=\"wp-block-image size-full\"><img decoding=\"async\" src=\"https:\/\/manhinhthongminh.vn\/wp-content\/themes\/twentytwentyfive\/assets\/images\/book-image-landing.webp\" alt=\"Image of a book\" style=\"aspect-ratio:1;object-fit:cover\"\/><\/figure>\n<\/div>\n<\/div>\n<\/div>\n","protected":false},"excerpt":{"rendered":"<p>Th\u1ebf m\u1ea1nh N\u0103m 2009, C\u00f4ng ty TNHH S\u1ea5m Nhi\u1ec7t \u0110\u1edbi ch\u00ednh th\u1ee9c \u0111\u01b0\u1ee3c th\u00e0nh l\u1eadp v\u1edbi \u0111\u1ed9i ng\u0169 nh\u00e2n vi\u00ean \u0111\u1ea7y nhi\u1ec7t huy\u1ebft v\u00e0 s\u00e1ng t\u1ea1o. L\u00e0 doanh nghi\u1ec7p \u0111i \u0111\u1ea7u trong l\u0129nh v\u1ef1c IoT t\u1ea1i Vi\u1ec7t Nam, t\u1eadp h\u1ee3p \u0111\u01b0\u1ee3c \u0111\u1ed9i ng\u0169 k\u1ef9 s\u01b0 ph\u1ea7n m\u1ec1m t\u00e0i n\u0103ng nhi\u1ec1u kinh nghi\u1ec7m. V\u1edbi ph\u01b0\u01a1ng ch\u00e2m [&hellip;]<\/p>\n","protected":false},"author":1,"featured_media":0,"parent":0,"menu_order":0,"comment_status":"closed","ping_status":"closed","template":"","meta":{"footnotes":""},"class_list":["post-80","page","type-page","status-publish","hentry"],"_links":{"self":[{"href":"https:\/\/manhinhthongminh.vn\/index.php\/wp-json\/wp\/v2\/pages\/80","targetHints":{"allow":["GET"]}}],"collection":[{"href":"https:\/\/manhinhthongminh.vn\/index.php\/wp-json\/wp\/v2\/pages"}],"about":[{"href":"https:\/\/manhinhthongminh.vn\/index.php\/wp-json\/wp\/v2\/types\/page"}],"author":[{"embeddable":true,"href":"https:\/\/manhinhthongminh.vn\/index.php\/wp-json\/wp\/v2\/users\/1"}],"replies":[{"embeddable":true,"href":"https:\/\/manhinhthongminh.vn\/index.php\/wp-json\/wp\/v2\/comments?post=80"}],"version-history":[{"count":1,"href":"https:\/\/manhinhthongminh.vn\/index.php\/wp-json\/wp\/v2\/pages\/80\/revisions"}],"predecessor-version":[{"id":86,"href":"https:\/\/manhinhthongminh.vn\/index.php\/wp-json\/wp\/v2\/pages\/80\/revisions\/86"}],"wp:attachment":[{"href":"https:\/\/manhinhthongminh.vn\/index.php\/wp-json\/wp\/v2\/media?parent=80"}],"curies":[{"name":"wp","href":"https:\/\/api.w.org\/{rel}","templated":true}]}}